{"id":9843,"date":"2023-02-22T12:23:21","date_gmt":"2023-02-22T11:23:21","guid":{"rendered":"https:\/\/www.ilpoderedimarfisa.it\/?page_id=9843"},"modified":"2026-01-13T11:38:36","modified_gmt":"2026-01-13T10:38:36","slug":"landwirtschaftlicher-betrieb","status":"publish","type":"page","link":"https:\/\/www.ilpoderedimarfisa.it\/de\/landwirtschaftlicher-betrieb","title":{"rendered":"Landwirtschaftlicher Betrieb"},"content":{"rendered":"[vc_row type=&#8220;full_width_content&#8220; full_screen_row_position=&#8220;middle&#8220; column_margin=&#8220;default&#8220; column_direction=&#8220;default&#8220; column_direction_tablet=&#8220;default&#8220; column_direction_phone=&#8220;default&#8220; bg_image=&#8220;6970&#8243; bg_position=&#8220;center center&#8220; background_image_loading=&#8220;default&#8220; bg_repeat=&#8220;no-repeat&#8220; scene_position=&#8220;center&#8220; top_padding=&#8220;200&#8243; bottom_padding=&#8220;200&#8243; text_color=&#8220;dark&#8220; text_align=&#8220;left&#8220; row_border_radius=&#8220;none&#8220; row_border_radius_applies=&#8220;bg&#8220; overflow=&#8220;visible&#8220; overlay_strength=&#8220;0.3&#8243; gradient_direction=&#8220;left_to_right&#8220; shape_divider_position=&#8220;bottom&#8220; bg_image_animation=&#8220;none&#8220; gradient_type=&#8220;default&#8220; shape_type=&#8220;&#8220;][vc_column column_padding=&#8220;no-extra-padding&#8220; column_padding_tablet=&#8220;inherit&#8220; column_padding_phone=&#8220;inherit&#8220; column_padding_position=&#8220;all&#8220; column_element_direction_desktop=&#8220;default&#8220; column_element_spacing=&#8220;default&#8220; desktop_text_alignment=&#8220;default&#8220; tablet_text_alignment=&#8220;default&#8220; phone_text_alignment=&#8220;default&#8220; background_color_opacity=&#8220;1&#8243; background_hover_color_opacity=&#8220;1&#8243; column_backdrop_filter=&#8220;none&#8220; font_color=&#8220;#ffffff&#8220; column_shadow=&#8220;none&#8220; column_border_radius=&#8220;none&#8220; column_link_target=&#8220;_self&#8220; column_position=&#8220;default&#8220; gradient_direction=&#8220;left_to_right&#8220; overlay_strength=&#8220;0.3&#8243; width=&#8220;1\/1&#8243; tablet_width_inherit=&#8220;default&#8220; animation_type=&#8220;default&#8220; bg_image_animation=&#8220;none&#8220; border_type=&#8220;simple&#8220; column_border_width=&#8220;none&#8220; column_border_style=&#8220;solid&#8220; column_padding_type=&#8220;default&#8220; gradient_type=&#8220;default&#8220; offset=&#8220;vc_hidden-sm vc_hidden-xs&#8220;][vc_column_text el_class=&#8220;shadowtesti&#8220;]\n<h1 style=\"text-align: center;\">Landwirtschaftlicher Betrieb Terre di Marfisa<\/h1>\n<h2 style=\"text-align: center;\">Respekt f\u00fcr die Natur und Innovation<\/h2>\n[\/vc_column_text][\/vc_column][\/vc_row]\n[vc_row type=&#8220;in_container&#8220; full_screen_row_position=&#8220;middle&#8220; column_margin=&#8220;default&#8220; column_direction=&#8220;default&#8220; column_direction_tablet=&#8220;default&#8220; column_direction_phone=&#8220;default&#8220; scene_position=&#8220;center&#8220; top_margin=&#8220;50&#8243; bottom_margin=&#8220;50&#8243; text_color=&#8220;dark&#8220; text_align=&#8220;left&#8220; row_border_radius=&#8220;none&#8220; row_border_radius_applies=&#8220;bg&#8220; overflow=&#8220;visible&#8220; overlay_strength=&#8220;0.3&#8243; gradient_direction=&#8220;left_to_right&#8220; shape_divider_position=&#8220;bottom&#8220; bg_image_animation=&#8220;none&#8220; gradient_type=&#8220;default&#8220; shape_type=&#8220;&#8220;][vc_column column_padding=&#8220;no-extra-padding&#8220; column_padding_tablet=&#8220;inherit&#8220; column_padding_phone=&#8220;inherit&#8220; column_padding_position=&#8220;all&#8220; column_element_direction_desktop=&#8220;default&#8220; column_element_spacing=&#8220;default&#8220; desktop_text_alignment=&#8220;default&#8220; tablet_text_alignment=&#8220;default&#8220; phone_text_alignment=&#8220;default&#8220; background_color_opacity=&#8220;1&#8243; background_hover_color_opacity=&#8220;1&#8243; column_backdrop_filter=&#8220;none&#8220; column_shadow=&#8220;none&#8220; column_border_radius=&#8220;none&#8220; column_link_target=&#8220;_self&#8220; column_position=&#8220;default&#8220; gradient_direction=&#8220;left_to_right&#8220; overlay_strength=&#8220;0.3&#8243; width=&#8220;1\/1&#8243; tablet_width_inherit=&#8220;default&#8220; animation_type=&#8220;default&#8220; bg_image_animation=&#8220;none&#8220; border_type=&#8220;simple&#8220; column_border_width=&#8220;none&#8220; column_border_style=&#8220;solid&#8220;][vc_column_text]\n<h3><span style=\"color: #a01625;\">Terre di Marfisa<\/span> ist die Marke des landwirtschaftlichen Betriebs, der von der Familie Clarici gegr\u00fcndet wurde.<\/h3>\n<p>Die Liebe und der Respekt f\u00fcr das Gebiet spiegeln sich im Logo und in den Namen der Weine wider, die bewusst aus der etruskischen Sprache gew\u00e4hlt wurden, um die kulturellen Wurzeln zu betonen.<\/p>\n<p>Die <strong>Achtung gegen\u00fcber der Natur und das Streben nach Innovation<\/strong> haben Terre di Marfisa zu einer agronomischen Bewirtschaftung gef\u00fchrt, die auf Respekt und Synergie mit der Umwelt ausgerichtet ist, bis hin zur Nutzung selbst erzeugter Energie aus erneuerbaren Quellen.<br \/>\nZur Leidenschaft, mit der die Familie ihre Weine produziert, kommen h\u00f6chste Sorgfalt und fachliche Kompetenz hinzu \u2013 das Ergebnis sind Produkte, die eine gelungene Verbindung aus modernen Techniken und Tradition darstellen.<\/p>\n<h3><b>DIE PRODUKTION<br \/><\/b><\/h3>\n<p>Auf dem 20 Hektar gro\u00dfen Anwesen wurden <strong>7 Hektar Weinberge<\/strong> angelegt, wobei Rebsorten ausgew\u00e4hlt wurden, die sich optimal an die g\u00fcnstige Lage und die vulkanischen B\u00f6den anpassen. Hier werden Sangiovese, Petit Verdot und Syrah als Rotweinsorten sowie Vermentino und Incrocio Manzoni als Wei\u00dfweinsorten angebaut.<\/p>\n<p>Sechs Hektar sind dem Olivenanbau f\u00fcr die Herstellung des nativen Oliven\u00f6ls extra Eleiva gewidmet. Farnese geh\u00f6rt zum Gebiet der <strong>DOP Canino<\/strong>, die als eine der national am meisten gesch\u00e4tzten Oliven\u00f6lqualit\u00e4ten anerkannt ist. Aus diesem Grund wurde entschieden, f\u00fcr den Olivenhain ausschlie\u00dflich die Monokultivar Caninese zu verwenden, um die typischen Eigenschaften bestm\u00f6glich hervorzuheben.<\/p>\n<p><strong>Eleiva ist ein natives Oliven\u00f6l extra<\/strong>, das innerhalb von 24 Stunden nach der Ernte kalt gepresst wird. Die Ernte erfolgt bewusst fr\u00fchzeitig, um die w\u00fcrzige Note und den leichten bitteren Nachgeschmack zu betonen, die f\u00fcr Canino-\u00d6l charakteristisch sind.<\/p>\n<p>Abschlie\u00dfend sind 2 Hektar dem Anbau in modernen, automatisierten Gew\u00e4chsh\u00e4usern gewidmet \u2013 technologische Schmuckst\u00fccke, die eine Photovoltaikanlage mit 220 kW beherbergen und erneuerbare Energie f\u00fcr den Betrieb und das umliegende Gebiet liefern.<\/p>\n[\/vc_column_text][\/vc_column][\/vc_row]\n[vc_row type=&#8220;in_container&#8220; full_screen_row_position=&#8220;middle&#8220; column_margin=&#8220;default&#8220; column_direction=&#8220;default&#8220; column_direction_tablet=&#8220;default&#8220; column_direction_phone=&#8220;default&#8220; scene_position=&#8220;center&#8220; top_margin=&#8220;50&#8243; bottom_margin=&#8220;50&#8243; text_color=&#8220;dark&#8220; text_align=&#8220;left&#8220; row_border_radius=&#8220;none&#8220; row_border_radius_applies=&#8220;bg&#8220; overflow=&#8220;visible&#8220; overlay_strength=&#8220;0.3&#8243; gradient_direction=&#8220;left_to_right&#8220; shape_divider_position=&#8220;bottom&#8220; bg_image_animation=&#8220;none&#8220; gradient_type=&#8220;default&#8220; shape_type=&#8220;&#8220;][vc_column column_padding=&#8220;no-extra-padding&#8220; column_padding_tablet=&#8220;inherit&#8220; column_padding_phone=&#8220;inherit&#8220; column_padding_position=&#8220;all&#8220; column_element_direction_desktop=&#8220;default&#8220; column_element_spacing=&#8220;default&#8220; desktop_text_alignment=&#8220;default&#8220; tablet_text_alignment=&#8220;default&#8220; phone_text_alignment=&#8220;default&#8220; background_color_opacity=&#8220;1&#8243; background_hover_color_opacity=&#8220;1&#8243; column_backdrop_filter=&#8220;none&#8220; column_shadow=&#8220;none&#8220; column_border_radius=&#8220;none&#8220; column_link_target=&#8220;_self&#8220; column_position=&#8220;default&#8220; gradient_direction=&#8220;left_to_right&#8220; overlay_strength=&#8220;0.3&#8243; width=&#8220;1\/3&#8243; tablet_width_inherit=&#8220;default&#8220; animation_type=&#8220;default&#8220; bg_image_animation=&#8220;none&#8220; border_type=&#8220;simple&#8220; column_border_width=&#8220;none&#8220; column_border_style=&#8220;solid&#8220;][\/vc_column]\n[vc_column column_padding=&#8220;no-extra-padding&#8220; column_padding_tablet=&#8220;inherit&#8220; column_padding_phone=&#8220;inherit&#8220; column_padding_position=&#8220;all&#8220; column_element_direction_desktop=&#8220;default&#8220; column_element_spacing=&#8220;default&#8220; desktop_text_alignment=&#8220;default&#8220; tablet_text_alignment=&#8220;default&#8220; phone_text_alignment=&#8220;default&#8220; background_color_opacity=&#8220;1&#8243; background_hover_color_opacity=&#8220;1&#8243; column_backdrop_filter=&#8220;none&#8220; column_shadow=&#8220;none&#8220; column_border_radius=&#8220;none&#8220; column_link_target=&#8220;_self&#8220; column_position=&#8220;default&#8220; gradient_direction=&#8220;left_to_right&#8220; overlay_strength=&#8220;0.3&#8243; width=&#8220;1\/3&#8243; tablet_width_inherit=&#8220;default&#8220; animation_type=&#8220;default&#8220; bg_image_animation=&#8220;none&#8220; border_type=&#8220;simple&#8220; column_border_width=&#8220;none&#8220; column_border_style=&#8220;solid&#8220;][image_with_animation image_url=&#8220;6961&#8243; image_size=&#8220;full&#8220; animation_type=&#8220;entrance&#8220; animation=&#8220;None&#8220; animation_movement_type=&#8220;transform_y&#8220; hover_animation=&#8220;none&#8220; alignment=&#8220;&#8220; border_radius=&#8220;none&#8220; box_shadow=&#8220;none&#8220; image_loading=&#8220;default&#8220; max_width=&#8220;100%&#8220; max_width_mobile=&#8220;default&#8220;][vc_column_text]\n<h3 style=\"text-align: center;\"><a href=\"https:\/\/www.terredimarfisa.it\/\">Zur Website<\/a><\/h3>\n[\/vc_column_text][\/vc_column]\n[vc_column column_padding=&#8220;no-extra-padding&#8220; column_padding_tablet=&#8220;inherit&#8220; column_padding_phone=&#8220;inherit&#8220; column_padding_position=&#8220;all&#8220; column_element_direction_desktop=&#8220;default&#8220; column_element_spacing=&#8220;default&#8220; desktop_text_alignment=&#8220;default&#8220; tablet_text_alignment=&#8220;default&#8220; phone_text_alignment=&#8220;default&#8220; background_color_opacity=&#8220;1&#8243; background_hover_color_opacity=&#8220;1&#8243; column_backdrop_filter=&#8220;none&#8220; column_shadow=&#8220;none&#8220; column_border_radius=&#8220;none&#8220; column_link_target=&#8220;_self&#8220; column_position=&#8220;default&#8220; gradient_direction=&#8220;left_to_right&#8220; overlay_strength=&#8220;0.3&#8243; width=&#8220;1\/3&#8243; tablet_width_inherit=&#8220;default&#8220; animation_type=&#8220;default&#8220; bg_image_animation=&#8220;none&#8220; border_type=&#8220;simple&#8220; column_border_width=&#8220;none&#8220; column_border_style=&#8220;solid&#8220;][\/vc_column][\/vc_row]\n[vc_row type=&#8220;full_width_content&#8220; full_screen_row_position=&#8220;middle&#8220; column_margin=&#8220;default&#8220; column_direction=&#8220;default&#8220; column_direction_tablet=&#8220;default&#8220; column_direction_phone=&#8220;default&#8220; scene_position=&#8220;center&#8220; bottom_padding=&#8220;50&#8243; text_color=&#8220;dark&#8220; text_align=&#8220;left&#8220; row_border_radius=&#8220;none&#8220; row_border_radius_applies=&#8220;bg&#8220; overflow=&#8220;visible&#8220; overlay_strength=&#8220;0.3&#8243; gradient_direction=&#8220;left_to_right&#8220; shape_divider_position=&#8220;bottom&#8220; bg_image_animation=&#8220;none&#8220; gradient_type=&#8220;default&#8220; shape_type=&#8220;&#8220;][vc_column column_padding=&#8220;no-extra-padding&#8220; column_padding_tablet=&#8220;inherit&#8220; column_padding_phone=&#8220;inherit&#8220; column_padding_position=&#8220;all&#8220; column_element_direction_desktop=&#8220;default&#8220; column_element_spacing=&#8220;default&#8220; desktop_text_alignment=&#8220;default&#8220; tablet_text_alignment=&#8220;default&#8220; phone_text_alignment=&#8220;default&#8220; background_color_opacity=&#8220;1&#8243; background_hover_color_opacity=&#8220;1&#8243; column_backdrop_filter=&#8220;none&#8220; column_shadow=&#8220;none&#8220; column_border_radius=&#8220;none&#8220; column_link_target=&#8220;_self&#8220; column_position=&#8220;default&#8220; gradient_direction=&#8220;left_to_right&#8220; overlay_strength=&#8220;0.3&#8243; width=&#8220;1\/1&#8243; tablet_width_inherit=&#8220;default&#8220; animation_type=&#8220;default&#8220; bg_image_animation=&#8220;none&#8220; border_type=&#8220;simple&#8220; column_border_width=&#8220;none&#8220; column_border_style=&#8220;solid&#8220;][vc_gallery type=&#8220;image_grid&#8220; images=&#8220;6978,6969,6973,6972&#8243; image_grid_loading=&#8220;default&#8220; layout=&#8220;4&#8243; item_spacing=&#8220;5px&#8220; gallery_style=&#8220;7&#8243; load_in_animation=&#8220;fade_in_from_bottom&#8220; img_size=&#8220;600&#215;500&#8243;][\/vc_column][\/vc_row]\n","protected":false},"excerpt":{"rendered":"<p>[vc_row type=&#8220;full_width_content&#8220; full_screen_row_position=&#8220;middle&#8220; column_margin=&#8220;default&#8220; column_direction=&#8220;default&#8220; column_direction_tablet=&#8220;default&#8220; column_direction_phone=&#8220;default&#8220; bg_image=&#8220;6970&#8243; bg_position=&#8220;center center&#8220; background_image_loading=&#8220;default&#8220; bg_repeat=&#8220;no-repeat&#8220; scene_position=&#8220;center&#8220; top_padding=&#8220;200&#8243; bottom_padding=&#8220;200&#8243; text_color=&#8220;dark&#8220; text_align=&#8220;left&#8220; row_border_radius=&#8220;none&#8220; row_border_radius_applies=&#8220;bg&#8220; overflow=&#8220;visible&#8220; overlay_strength=&#8220;0.3&#8243; gradient_direction=&#8220;left_to_right&#8220; shape_divider_position=&#8220;bottom&#8220; bg_image_animation=&#8220;none&#8220; gradient_type=&#8220;default&#8220; shape_type=&#8220;&#8220;][vc_column column_padding=&#8220;no-extra-padding&#8220; column_padding_tablet=&#8220;inherit&#8220; column_padding_phone=&#8220;inherit&#8220; column_padding_position=&#8220;all&#8220;&#8230;<\/p>\n","protected":false},"author":1,"featured_media":0,"parent":0,"menu_order":56,"comment_status":"closed","ping_status":"closed","template":"","meta":{"_yoast_wpseo_focuskw":"","_yoast_wpseo_title":"","_yoast_wpseo_metadesc":"","fp_bio_links_json":"","footnotes":"","_fp_seo_title":"","_fp_seo_meta_description":"","_fp_seo_focus_keyword":"","_fp_seo_meta_canonical":"","_fp_seo_meta_robots":"","_fp_seo_geo_claims":"","_fp_seo_geo_expose":"","_fp_seo_geo_no_ai_reuse":""},"class_list":["post-9843","page","type-page","status-publish"],"yoast_head":"<!-- This site is optimized with the Yoast SEO plugin v27.4 - https:\/\/yoast.com\/product\/yoast-seo-wordpress\/ -->\n<title>Landwirtschaftlicher Betrieb &#8226; Il Podere di Marfisa<\/title>\n<meta name=\"robots\" content=\"index, follow, max-snippet:-1, max-image-preview:large, max-video-preview:-1\" \/>\n<link rel=\"canonical\" href=\"https:\/\/www.ilpoderedimarfisa.it\/de\/landwirtschaftlicher-betrieb\" \/>\n<meta property=\"og:locale\" content=\"de_DE\" \/>\n<meta property=\"og:type\" content=\"article\" \/>\n<meta property=\"og:title\" content=\"Landwirtschaftlicher Betrieb &#8226; Il Podere di Marfisa\" \/>\n<meta property=\"og:description\" content=\"[vc_row type=&#8220;full_width_content&#8220; full_screen_row_position=&#8220;middle&#8220; column_margin=&#8220;default&#8220; column_direction=&#8220;default&#8220; column_direction_tablet=&#8220;default&#8220; column_direction_phone=&#8220;default&#8220; bg_image=&#8220;6970&#8243; bg_position=&#8220;center center&#8220; background_image_loading=&#8220;default&#8220; bg_repeat=&#8220;no-repeat&#8220; scene_position=&#8220;center&#8220; top_padding=&#8220;200&#8243; bottom_padding=&#8220;200&#8243; text_color=&#8220;dark&#8220; text_align=&#8220;left&#8220; row_border_radius=&#8220;none&#8220; row_border_radius_applies=&#8220;bg&#8220; overflow=&#8220;visible&#8220; overlay_strength=&#8220;0.3&#8243; gradient_direction=&#8220;left_to_right&#8220; shape_divider_position=&#8220;bottom&#8220; bg_image_animation=&#8220;none&#8220; gradient_type=&#8220;default&#8220; shape_type=&#8220;&#8220;][vc_column column_padding=&#8220;no-extra-padding&#8220; column_padding_tablet=&#8220;inherit&#8220; column_padding_phone=&#8220;inherit&#8220; column_padding_position=&#8220;all&#8220;...\" \/>\n<meta property=\"og:url\" content=\"https:\/\/www.ilpoderedimarfisa.it\/de\/landwirtschaftlicher-betrieb\" \/>\n<meta property=\"og:site_name\" content=\"Il Podere di Marfisa\" \/>\n<meta property=\"article:publisher\" content=\"https:\/\/www.facebook.com\/ilpoderedimarfisa\/\" \/>\n<meta property=\"article:modified_time\" content=\"2026-01-13T10:38:36+00:00\" \/>\n<meta property=\"og:image\" content=\"https:\/\/www.ilpoderedimarfisa.it\/wp-content\/uploads\/2023\/02\/Terre-di-Marfisa-18-maggio-2021-Drone-9-LD.jpg\" \/>\n\t<meta property=\"og:image:width\" content=\"1619\" \/>\n\t<meta property=\"og:image:height\" content=\"1213\" \/>\n\t<meta property=\"og:image:type\" content=\"image\/jpeg\" \/>\n<meta name=\"twitter:card\" content=\"summary_large_image\" \/>\n<script type=\"application\/ld+json\" class=\"yoast-schema-graph\">{\"@context\":\"https:\\\/\\\/schema.org\",\"@graph\":[{\"@type\":\"WebPage\",\"@id\":\"https:\\\/\\\/www.ilpoderedimarfisa.it\\\/de\\\/landwirtschaftlicher-betrieb\",\"url\":\"https:\\\/\\\/www.ilpoderedimarfisa.it\\\/de\\\/landwirtschaftlicher-betrieb\",\"name\":\"Landwirtschaftlicher Betrieb &#8226; Il Podere di Marfisa\",\"isPartOf\":{\"@id\":\"https:\\\/\\\/www.ilpoderedimarfisa.it\\\/de#website\"},\"datePublished\":\"2023-02-22T11:23:21+00:00\",\"dateModified\":\"2026-01-13T10:38:36+00:00\",\"breadcrumb\":{\"@id\":\"https:\\\/\\\/www.ilpoderedimarfisa.it\\\/de\\\/landwirtschaftlicher-betrieb#breadcrumb\"},\"inLanguage\":\"de\",\"potentialAction\":[{\"@type\":\"ReadAction\",\"target\":[\"https:\\\/\\\/www.ilpoderedimarfisa.it\\\/de\\\/landwirtschaftlicher-betrieb\"]}]},{\"@type\":\"BreadcrumbList\",\"@id\":\"https:\\\/\\\/www.ilpoderedimarfisa.it\\\/de\\\/landwirtschaftlicher-betrieb#breadcrumb\",\"itemListElement\":[{\"@type\":\"ListItem\",\"position\":1,\"name\":\"Home\",\"item\":\"https:\\\/\\\/www.ilpoderedimarfisa.it\\\/de\"},{\"@type\":\"ListItem\",\"position\":2,\"name\":\"Landwirtschaftlicher Betrieb\"}]},{\"@type\":\"WebSite\",\"@id\":\"https:\\\/\\\/www.ilpoderedimarfisa.it\\\/de#website\",\"url\":\"https:\\\/\\\/www.ilpoderedimarfisa.it\\\/de\",\"name\":\"Il Podere di Marfisa\",\"description\":\"Wine Resort a Farnese\",\"publisher\":{\"@id\":\"https:\\\/\\\/www.ilpoderedimarfisa.it\\\/de#organization\"},\"potentialAction\":[{\"@type\":\"SearchAction\",\"target\":{\"@type\":\"EntryPoint\",\"urlTemplate\":\"https:\\\/\\\/www.ilpoderedimarfisa.it\\\/de?s={search_term_string}\"},\"query-input\":{\"@type\":\"PropertyValueSpecification\",\"valueRequired\":true,\"valueName\":\"search_term_string\"}}],\"inLanguage\":\"de\"},{\"@type\":\"Organization\",\"@id\":\"https:\\\/\\\/www.ilpoderedimarfisa.it\\\/de#organization\",\"name\":\"Il Podere di Marfisa\",\"url\":\"https:\\\/\\\/www.ilpoderedimarfisa.it\\\/de\",\"logo\":{\"@type\":\"ImageObject\",\"inLanguage\":\"de\",\"@id\":\"https:\\\/\\\/www.ilpoderedimarfisa.it\\\/de#\\\/schema\\\/logo\\\/image\\\/\",\"url\":\"https:\\\/\\\/www.ilpoderedimarfisa.it\\\/wp-content\\\/uploads\\\/2023\\\/02\\\/Asset-1.png\",\"contentUrl\":\"https:\\\/\\\/www.ilpoderedimarfisa.it\\\/wp-content\\\/uploads\\\/2023\\\/02\\\/Asset-1.png\",\"width\":1868,\"height\":1500,\"caption\":\"Il Podere di Marfisa\"},\"image\":{\"@id\":\"https:\\\/\\\/www.ilpoderedimarfisa.it\\\/de#\\\/schema\\\/logo\\\/image\\\/\"},\"sameAs\":[\"https:\\\/\\\/www.facebook.com\\\/ilpoderedimarfisa\\\/\",\"https:\\\/\\\/www.instagram.com\\\/ilpodere.di.marfisa\\\/\"]}]}<\/script>\n<!-- \/ Yoast SEO plugin. -->","yoast_head_json":{"title":"Landwirtschaftlicher Betrieb &#8226; Il Podere di Marfisa","robots":{"index":"index","follow":"follow","max-snippet":"max-snippet:-1","max-image-preview":"max-image-preview:large","max-video-preview":"max-video-preview:-1"},"canonical":"https:\/\/www.ilpoderedimarfisa.it\/de\/landwirtschaftlicher-betrieb","og_locale":"de_DE","og_type":"article","og_title":"Landwirtschaftlicher Betrieb &#8226; Il Podere di Marfisa","og_description":"[vc_row type=&#8220;full_width_content&#8220; full_screen_row_position=&#8220;middle&#8220; column_margin=&#8220;default&#8220; column_direction=&#8220;default&#8220; column_direction_tablet=&#8220;default&#8220; column_direction_phone=&#8220;default&#8220; bg_image=&#8220;6970&#8243; bg_position=&#8220;center center&#8220; background_image_loading=&#8220;default&#8220; bg_repeat=&#8220;no-repeat&#8220; scene_position=&#8220;center&#8220; top_padding=&#8220;200&#8243; bottom_padding=&#8220;200&#8243; text_color=&#8220;dark&#8220; text_align=&#8220;left&#8220; row_border_radius=&#8220;none&#8220; row_border_radius_applies=&#8220;bg&#8220; overflow=&#8220;visible&#8220; overlay_strength=&#8220;0.3&#8243; gradient_direction=&#8220;left_to_right&#8220; shape_divider_position=&#8220;bottom&#8220; bg_image_animation=&#8220;none&#8220; gradient_type=&#8220;default&#8220; shape_type=&#8220;&#8220;][vc_column column_padding=&#8220;no-extra-padding&#8220; column_padding_tablet=&#8220;inherit&#8220; column_padding_phone=&#8220;inherit&#8220; column_padding_position=&#8220;all&#8220;...","og_url":"https:\/\/www.ilpoderedimarfisa.it\/de\/landwirtschaftlicher-betrieb","og_site_name":"Il Podere di Marfisa","article_publisher":"https:\/\/www.facebook.com\/ilpoderedimarfisa\/","article_modified_time":"2026-01-13T10:38:36+00:00","og_image":[{"width":1619,"height":1213,"url":"https:\/\/www.ilpoderedimarfisa.it\/wp-content\/uploads\/2023\/02\/Terre-di-Marfisa-18-maggio-2021-Drone-9-LD.jpg","type":"image\/jpeg"}],"twitter_card":"summary_large_image","schema":{"@context":"https:\/\/schema.org","@graph":[{"@type":"WebPage","@id":"https:\/\/www.ilpoderedimarfisa.it\/de\/landwirtschaftlicher-betrieb","url":"https:\/\/www.ilpoderedimarfisa.it\/de\/landwirtschaftlicher-betrieb","name":"Landwirtschaftlicher Betrieb &#8226; Il Podere di Marfisa","isPartOf":{"@id":"https:\/\/www.ilpoderedimarfisa.it\/de#website"},"datePublished":"2023-02-22T11:23:21+00:00","dateModified":"2026-01-13T10:38:36+00:00","breadcrumb":{"@id":"https:\/\/www.ilpoderedimarfisa.it\/de\/landwirtschaftlicher-betrieb#breadcrumb"},"inLanguage":"de","potentialAction":[{"@type":"ReadAction","target":["https:\/\/www.ilpoderedimarfisa.it\/de\/landwirtschaftlicher-betrieb"]}]},{"@type":"BreadcrumbList","@id":"https:\/\/www.ilpoderedimarfisa.it\/de\/landwirtschaftlicher-betrieb#breadcrumb","itemListElement":[{"@type":"ListItem","position":1,"name":"Home","item":"https:\/\/www.ilpoderedimarfisa.it\/de"},{"@type":"ListItem","position":2,"name":"Landwirtschaftlicher Betrieb"}]},{"@type":"WebSite","@id":"https:\/\/www.ilpoderedimarfisa.it\/de#website","url":"https:\/\/www.ilpoderedimarfisa.it\/de","name":"Il Podere di Marfisa","description":"Wine Resort a Farnese","publisher":{"@id":"https:\/\/www.ilpoderedimarfisa.it\/de#organization"},"potentialAction":[{"@type":"SearchAction","target":{"@type":"EntryPoint","urlTemplate":"https:\/\/www.ilpoderedimarfisa.it\/de?s={search_term_string}"},"query-input":{"@type":"PropertyValueSpecification","valueRequired":true,"valueName":"search_term_string"}}],"inLanguage":"de"},{"@type":"Organization","@id":"https:\/\/www.ilpoderedimarfisa.it\/de#organization","name":"Il Podere di Marfisa","url":"https:\/\/www.ilpoderedimarfisa.it\/de","logo":{"@type":"ImageObject","inLanguage":"de","@id":"https:\/\/www.ilpoderedimarfisa.it\/de#\/schema\/logo\/image\/","url":"https:\/\/www.ilpoderedimarfisa.it\/wp-content\/uploads\/2023\/02\/Asset-1.png","contentUrl":"https:\/\/www.ilpoderedimarfisa.it\/wp-content\/uploads\/2023\/02\/Asset-1.png","width":1868,"height":1500,"caption":"Il Podere di Marfisa"},"image":{"@id":"https:\/\/www.ilpoderedimarfisa.it\/de#\/schema\/logo\/image\/"},"sameAs":["https:\/\/www.facebook.com\/ilpoderedimarfisa\/","https:\/\/www.instagram.com\/ilpodere.di.marfisa\/"]}]}},"_links":{"self":[{"href":"https:\/\/www.ilpoderedimarfisa.it\/de\/wp-json\/wp\/v2\/pages\/9843","targetHints":{"allow":["GET"]}}],"collection":[{"href":"https:\/\/www.ilpoderedimarfisa.it\/de\/wp-json\/wp\/v2\/pages"}],"about":[{"href":"https:\/\/www.ilpoderedimarfisa.it\/de\/wp-json\/wp\/v2\/types\/page"}],"author":[{"embeddable":true,"href":"https:\/\/www.ilpoderedimarfisa.it\/de\/wp-json\/wp\/v2\/users\/1"}],"replies":[{"embeddable":true,"href":"https:\/\/www.ilpoderedimarfisa.it\/de\/wp-json\/wp\/v2\/comments?post=9843"}],"version-history":[{"count":0,"href":"https:\/\/www.ilpoderedimarfisa.it\/de\/wp-json\/wp\/v2\/pages\/9843\/revisions"}],"wp:attachment":[{"href":"https:\/\/www.ilpoderedimarfisa.it\/de\/wp-json\/wp\/v2\/media?parent=9843"}],"curies":[{"name":"wp","href":"https:\/\/api.w.org\/{rel}","templated":true}]}}